{"id":103,"date":"2015-01-19T12:21:26","date_gmt":"2015-01-19T11:21:26","guid":{"rendered":"https:\/\/mbhessen.de\/mbwpintern\/?page_id=103"},"modified":"2015-01-19T12:24:50","modified_gmt":"2015-01-19T11:24:50","slug":"impressum","status":"publish","type":"page","link":"https:\/\/mbhessen.de\/mbwpintern\/?page_id=103","title":{"rendered":"Impressum"},"content":{"rendered":"<div class=\"intro\">\n<h4><strong>Verantwortlich:<\/strong><\/h4>\n<p>Marburger Bund &#8211; Verband der angestellten und beamteten \u00c4rztinnen und \u00c4rzte Deutschlands &#8211;<br \/>\nLandesverband Hessen e.V.<br \/>\n60487 Frankfurt a.M., Wildunger Stra\u00dfe 10a<br \/>\nTel.: 069-768001-0, Fax: 069-7682545 <a class=\"mailli2\" title=\"E-Mailadresse\" href=\"mailto:mail@mbhessen.de\">mail@mbhessen.de<\/a><\/p>\n<h4><strong>Vertretungsberechtigter Vorstand:<\/strong><\/h4>\n<p><a href=\"http:\/\/mbhessen.de\/vorstand.html\"><span class=\"mbli2\">Gesch\u00e4ftsf\u00fchrender Vorstand<\/span><\/a><\/p>\n<h4><strong>Registergericht:<\/strong><\/h4>\n<p>Amtsgericht Frankfurt am Main, Registernummer: VR 7148 9.5.2000<\/p>\n<h4><strong>Inhaltlich verantwortlich:<\/strong><\/h4>\n<p>Gesch\u00e4ftsf\u00fchrung: RA Andreas Wagner, Fachanwalt f\u00fcr Arbeitsrecht<\/p>\n<\/div>\n<div class=\"intro\">\n<h4><strong>Rechtshinweis:<\/strong><\/h4>\n<p style=\"text-align: justify;\">Alle Informationen wurden von uns mit Sorgfalt erstellt und ausgew\u00e4hlt. Der MB pr\u00fcft und aktualisiert die Informationen auf seinen Webseiten st\u00e4ndig. Trotz aller Sorgfalt k\u00f6nnen sich die Daten ver\u00e4ndert haben. Eine Haftung oder Garantie f\u00fcr die Richtigkeit, Vollst\u00e4ndigkeit und Aktualit\u00e4t der Informationen in unserem Web-Angebot kann daher nicht \u00fcbernommen werden. Insbesondere bei ver\u00f6ffentlichten oder Gesetzestexten m\u00fcssen Sie damit rechnen, dass der Gesetzeswortlaut nicht mehr der aktuellsten Fassung entspricht. Wir behalten uns vor, Erg\u00e4nzungen oder \u00c4nderungen der bereitgestellten Informationen vorzunehmen. Gleiches gilt auch f\u00fcr alle anderen Websites, auf die mittels Hyperlink verwiesen wird. Der MB ist f\u00fcr den Inhalt der Websites, die aufgrund einer solchen Verbindung erreicht werden, nicht verantwortlich. Der Inhalt und die Struktur der Website des MB Landesverband Hessen sind urheberrechtlich gesch\u00fctzt.<\/p>\n<h4><strong>Nutzungsbedingungen:<\/strong><\/h4>\n<div class=\"textbox\">\n<p style=\"text-align: justify;\">Diese Site ist in erster Linie ein Service f\u00fcr unsere Mitglieder zu Erf\u00fcllung unserer satzungsgem\u00e4\u00dfen Aufgaben.<\/p>\n<p style=\"text-align: justify;\">Unser Informationsangebot hat bewusst einen Hessenschwerpunkt. Weitergehende Informationen, insbesondere zu \u00fcbergeordneten Themen, sollten Sie deshalb auch auf der Site des Bundesverbandes des Marburger Bundes suchen, auf die ein Link von unserer Startseite f\u00fchrt.<\/p>\n<p style=\"text-align: justify;\">F\u00fcr Seiten und Inhalte au\u00dferhalb dieser Site unseres Landesverbandes k\u00f6nnen wir keine Verantwortung \u00fcbernehmen, erst recht nicht f\u00fcr Seiten, zu denen weitere Links von Seiten anderer Informationsangebote f\u00fchren, auf die unsere Links f\u00fchren. Insoweit distanzieren wir uns vorsorglich im Sinne des Urteils des LG\u00a0Hamburg vom 12.05.98 (Az.:\u00a0312\u00a0O\u00a085\/98) von allen rechtswidrigen Inhalten auf solchen Seiten.<\/p>\n<p style=\"text-align: justify;\">Wegen der erheblichen Dynamik der Informationen im Internet k\u00f6nnen wir auch keine Gew\u00e4hr f\u00fcr die Stabilit\u00e4t der Ziele unserer Links und deren Inhalte \u00fcbernehmen.<\/p>\n<p style=\"text-align: justify;\">Wir bem\u00fchen uns selbstverst\u00e4ndlich um Aktualit\u00e4t, Korrektheit, Vollst\u00e4ndigkeit und Qualit\u00e4t der bereitgestellten Informationen, k\u00f6nnen jedoch leider keinerlei Gew\u00e4hr daf\u00fcr \u00fcbernehmen.<br \/>\nHaftungsanspr\u00fcche, die sich auf Sch\u00e4den materieller oder ideeller Art beziehen, die durch die Nutzung und erst recht nat\u00fcrlich durch die Nichtnutzung der dargebotenen Informationen bzw. durch die Verwendung fehlerhafter und unvollst\u00e4ndiger Informationen verursacht wurden oder werden, sind grunds\u00e4tzlich ausgeschlossen. Dies gilt nicht nur insofern seitens des mb\u00a0hessen kein nachweislich vors\u00e4tzliches oder grob fahrl\u00e4ssiges Verschulden vorliegt, sondern auch, da jegliche Nutzung des bereitgestellten Angebotes freiwillig und selbstverantwortlich erfolgt.<\/p>\n<p style=\"text-align: justify;\">Aus der Erw\u00e4hnung irgendwelcher Bezeichnungen ohne einen ausdr\u00fccklichen entsprechenden Zusatz kann nicht geschlossen werden, dass solche Bezeichnungen nicht als Warenzeichen oder auf andere Weise gesch\u00fctzt sind.<\/p>\n<p style=\"text-align: justify;\">Alle Angebote sind freibleibend und unverbindlich. Wir behalten es uns ausdr\u00fccklich vor, Teile der Seiten oder das gesamte Angebot ohne gesonderte Ank\u00fcndigung zu ver\u00e4ndern, zu erg\u00e4nzen, zu l\u00f6schen oder die Pr\u00e4sentation zeitweise oder endg\u00fcltig einzustellen.<\/p>\n<\/div>\n<\/div>\n","protected":false},"excerpt":{"rendered":"<p>Verantwortlich: Marburger Bund &#8211; Verband der angestellten und beamteten \u00c4rztinnen und \u00c4rzte Deutschlands &#8211; Landesverband Hessen e.V. 60487 Frankfurt a.M., Wildunger Stra\u00dfe 10a Tel.: 069-768001-0, Fax: 069-7682545 mail@mbhessen.de Vertretungsberechtigter Vorstand: Gesch\u00e4ftsf\u00fchrender Vorstand Registergericht: Amtsgericht Frankfurt am Main, Registernummer: VR 7148 9.5.2000 Inhaltlich verantwortlich: Gesch\u00e4ftsf\u00fchrung: RA Andreas Wagner, Fachanwalt f\u00fcr Arbeitsrecht Rechtshinweis: Alle Informationen wurden von [&hellip;]<\/p>\n","protected":false},"author":1,"featured_media":0,"parent":0,"menu_order":0,"comment_status":"closed","ping_status":"closed","template":"","meta":{"_generate-full-width-content":""},"_links":{"self":[{"href":"https:\/\/mbhessen.de\/mbwpintern\/index.php?rest_route=\/wp\/v2\/pages\/103"}],"collection":[{"href":"https:\/\/mbhessen.de\/mbwpintern\/index.php?rest_route=\/wp\/v2\/pages"}],"about":[{"href":"https:\/\/mbhessen.de\/mbwpintern\/index.php?rest_route=\/wp\/v2\/types\/page"}],"author":[{"embeddable":true,"href":"https:\/\/mbhessen.de\/mbwpintern\/index.php?rest_route=\/wp\/v2\/users\/1"}],"replies":[{"embeddable":true,"href":"https:\/\/mbhessen.de\/mbwpintern\/index.php?rest_route=%2Fwp%2Fv2%2Fcomments&post=103"}],"version-history":[{"count":5,"href":"https:\/\/mbhessen.de\/mbwpintern\/index.php?rest_route=\/wp\/v2\/pages\/103\/revisions"}],"predecessor-version":[{"id":108,"href":"https:\/\/mbhessen.de\/mbwpintern\/index.php?rest_route=\/wp\/v2\/pages\/103\/revisions\/108"}],"wp:attachment":[{"href":"https:\/\/mbhessen.de\/mbwpintern\/index.php?rest_route=%2Fwp%2Fv2%2Fmedia&parent=103"}],"curies":[{"name":"wp","href":"https:\/\/api.w.org\/{rel}","templated":true}]}}